{"id":102,"date":"2024-11-27T12:41:32","date_gmt":"2024-11-27T12:41:32","guid":{"rendered":"https:\/\/nueva.protectoramodepran.com\/?page_id=11"},"modified":"2026-04-16T11:58:47","modified_gmt":"2026-04-16T11:58:47","slug":"inicio-2","status":"publish","type":"page","link":"https:\/\/protectoramodepran.com\/","title":{"rendered":"A INICIO"},"content":{"rendered":"\t\t<div data-elementor-type=\"wp-page\" data-elementor-id=\"102\" class=\"elementor elementor-102\" data-elementor-post-type=\"page\">\n\t\t\t\t<div class=\"elementor-element elementor-element-4cdc570 e-flex e-con-boxed e-con e-parent\" data-id=\"4cdc570\" data-element_type=\"container\" data-e-type=\"container\" data-settings=\"{&quot;background_background&quot;:&quot;video&quot;,&quot;background_video_link&quot;:&quot;https:\\\/\\\/nueva.protectoramodepran.com\\\/wp-content\\\/uploads\\\/2026\\\/03\\\/modepran-v2.mp4&quot;,&quot;background_play_on_mobile&quot;:&quot;yes&quot;,&quot;shape_divider_bottom&quot;:&quot;opacity-tilt&quot;,&quot;background_video_start&quot;:-3}\">\n\t\t\t\t\t<div class=\"e-con-inner\">\n\t\t<div class=\"elementor-background-video-container\">\n\t\t\t\t\t\t\t<video class=\"elementor-background-video-hosted\" role=\"presentation\" autoplay muted playsinline loop><\/video>\n\t\t\t\t\t<\/div>\t\t<div class=\"elementor-shape elementor-shape-bottom\" aria-hidden=\"true\" data-negative=\"false\">\n\t\t\t<svg xmlns=\"http:\/\/www.w3.org\/2000\/svg\" viewBox=\"0 0 2600 131.1\" preserveAspectRatio=\"none\">\n\t<path class=\"elementor-shape-fill\" d=\"M0 0L2600 0 2600 69.1 0 0z\"\/>\n\t<path class=\"elementor-shape-fill\" style=\"opacity:0.5\" d=\"M0 0L2600 0 2600 69.1 0 69.1z\"\/>\n\t<path class=\"elementor-shape-fill\" style=\"opacity:0.25\" d=\"M2600 0L0 0 0 130.1 2600 69.1z\"\/>\n<\/svg>\t\t<\/div>\n\t\t\t\t\t<\/div>\n\t\t\t\t<\/div>\n\t\t<div class=\"elementor-element elementor-element-02cdbf4 e-con-full e-flex e-con e-parent\" data-id=\"02cdbf4\" data-element_type=\"container\" data-e-type=\"container\" data-settings=\"{&quot;background_background&quot;:&quot;classic&quot;}\">\n\t\t<div class=\"elementor-element elementor-element-b6a2cfe e-con-full e-flex e-con e-child\" data-id=\"b6a2cfe\" data-element_type=\"container\" data-e-type=\"container\">\n\t\t\t\t<div class=\"elementor-element elementor-element-987199d elementor-hidden-mobile elementor-widget elementor-widget-image\" data-id=\"987199d\" data-element_type=\"widget\" data-e-type=\"widget\" data-widget_type=\"image.default\">\n\t\t\t\t\t\t\t\t\t\t\t\t\t\t\t\t<a href=\"https:\/\/nueva.protectoramodepran.com\/\">\n\t\t\t\t\t\t\t<img decoding=\"async\" src=\"https:\/\/nueva.protectoramodepran.com\/wp-content\/uploads\/2024\/11\/LOGO-SENCILLO.jpg\" title=\"\" alt=\"\" loading=\"lazy\" \/>\t\t\t\t\t\t\t\t<\/a>\n\t\t\t\t\t\t\t\t\t\t\t\t\t\t\t<\/div>\n\t\t\t\t<\/div>\n\t\t<div class=\"elementor-element elementor-element-4b6af5f e-con-full e-flex e-con e-child\" data-id=\"4b6af5f\" data-element_type=\"container\" data-e-type=\"container\">\n\t\t\t\t<div class=\"elementor-element elementor-element-5ff89954 elementor-widget elementor-widget-heading\" data-id=\"5ff89954\" data-element_type=\"widget\" data-e-type=\"widget\" data-widget_type=\"heading.default\">\n\t\t\t\t\t<h2 class=\"elementor-heading-title elementor-size-default\">modepran<\/h2>\t\t\t\t<\/div>\n\t\t\t\t<div class=\"elementor-element elementor-element-f2e763b elementor-widget elementor-widget-text-editor\" data-id=\"f2e763b\" data-element_type=\"widget\" data-e-type=\"widget\" data-widget_type=\"text-editor.default\">\n\t\t\t\t\t\t\t\t\t<p>Somos una asociaci\u00f3n sin \u00e1nimo de lucro dedicada a la protecci\u00f3n de los animales. Modepran gestiona la recogida y custodia de animales en municipios de la Comunidad Valenciana, nuestra misi\u00f3n es que todos los perros y gatos que sufren el maltrato y el abandono vuelvan a ser felices en una familia responsable.<\/p><p>Nacimos hace XX a\u00f1os decididas a cambiar la forma en la que se gestionaba la recogida y custodia de animales en los municipios de nuestro entorno. Poco a poco fuimos creciendo y siendo parte activa del cambio que ha ido desterrando a las perreras de nuestros pueblos y ciudades, apoyadas por miles de ciudadanos que exig\u00edan una gesti\u00f3n \u00e9tica de este servicio p\u00fablico esencial.<\/p>\t\t\t\t\t\t\t\t<\/div>\n\t\t\t\t<\/div>\n\t\t\t\t<\/div>\n\t\t<div class=\"elementor-element elementor-element-410d0a5e e-con-full elementor-hidden-tablet elementor-hidden-mobile e-flex e-con e-parent\" data-id=\"410d0a5e\" data-element_type=\"container\" data-e-type=\"container\" data-settings=\"{&quot;background_background&quot;:&quot;classic&quot;,&quot;shape_divider_bottom&quot;:&quot;opacity-tilt&quot;,&quot;shape_divider_top&quot;:&quot;opacity-tilt&quot;}\">\n\t\t\t\t<div class=\"elementor-shape elementor-shape-top\" aria-hidden=\"true\" data-negative=\"false\">\n\t\t\t<svg xmlns=\"http:\/\/www.w3.org\/2000\/svg\" viewBox=\"0 0 2600 131.1\" preserveAspectRatio=\"none\">\n\t<path class=\"elementor-shape-fill\" d=\"M0 0L2600 0 2600 69.1 0 0z\"\/>\n\t<path class=\"elementor-shape-fill\" style=\"opacity:0.5\" d=\"M0 0L2600 0 2600 69.1 0 69.1z\"\/>\n\t<path class=\"elementor-shape-fill\" style=\"opacity:0.25\" d=\"M2600 0L0 0 0 130.1 2600 69.1z\"\/>\n<\/svg>\t\t<\/div>\n\t\t\t\t<div class=\"elementor-shape elementor-shape-bottom\" aria-hidden=\"true\" data-negative=\"false\">\n\t\t\t<svg xmlns=\"http:\/\/www.w3.org\/2000\/svg\" viewBox=\"0 0 2600 131.1\" preserveAspectRatio=\"none\">\n\t<path class=\"elementor-shape-fill\" d=\"M0 0L2600 0 2600 69.1 0 0z\"\/>\n\t<path class=\"elementor-shape-fill\" style=\"opacity:0.5\" d=\"M0 0L2600 0 2600 69.1 0 69.1z\"\/>\n\t<path class=\"elementor-shape-fill\" style=\"opacity:0.25\" d=\"M2600 0L0 0 0 130.1 2600 69.1z\"\/>\n<\/svg>\t\t<\/div>\n\t\t\t\t<div class=\"elementor-element elementor-element-296091a elementor-widget elementor-widget-spacer\" data-id=\"296091a\" data-element_type=\"widget\" data-e-type=\"widget\" data-widget_type=\"spacer.default\">\n\t\t\t\t\t\t\t<div class=\"elementor-spacer\">\n\t\t\t<div class=\"elementor-spacer-inner\"><\/div>\n\t\t<\/div>\n\t\t\t\t\t\t<\/div>\n\t\t\t\t<\/div>\n\t\t<div class=\"elementor-element elementor-element-ddab207 e-flex e-con-boxed e-con e-parent\" data-id=\"ddab207\" data-element_type=\"container\" data-e-type=\"container\" data-settings=\"{&quot;background_background&quot;:&quot;classic&quot;}\">\n\t\t\t\t\t<div class=\"e-con-inner\">\n\t\t<div class=\"elementor-element elementor-element-a5be241 e-con-full e-flex e-con e-child\" data-id=\"a5be241\" data-element_type=\"container\" data-e-type=\"container\">\n\t\t\t\t<div class=\"elementor-element elementor-element-5773a6a elementor-widget elementor-widget-heading\" data-id=\"5773a6a\" data-element_type=\"widget\" data-e-type=\"widget\" data-widget_type=\"heading.default\">\n\t\t\t\t\t<h2 class=\"elementor-heading-title elementor-size-default\">servicios del CENTRO VETERINARIO<\/h2>\t\t\t\t<\/div>\n\t\t\t\t<div class=\"elementor-element elementor-element-1e0e30ea elementor-widget elementor-widget-text-editor\" data-id=\"1e0e30ea\" data-element_type=\"widget\" data-e-type=\"widget\" data-widget_type=\"text-editor.default\">\n\t\t\t\t\t\t\t\t\t<ul><li>Vacunaci\u00f3n, esterilizacion.<\/li><li>Microchipado e identificaci\u00f3n.<\/li><li>Tratamientos especializados.<\/li><li>Cirug\u00edas y urgencias.<\/li><\/ul><p>Para m\u00e1s detalles, es recomendable contactar directamente con MODEPRAN<\/p>\t\t\t\t\t\t\t\t<\/div>\n\t\t\t\t<div class=\"elementor-element elementor-element-2ad7213 elementor-align-left elementor-button-info elementor-mobile-align-center elementor-widget elementor-widget-button\" data-id=\"2ad7213\" data-element_type=\"widget\" data-e-type=\"widget\" data-widget_type=\"button.default\">\n\t\t\t\t\t\t\t\t\t\t<a class=\"elementor-button elementor-button-link elementor-size-lg elementor-animation-grow\" href=\"https:\/\/nueva.protectoramodepran.com\/clinicaveterinaria\/\">\n\t\t\t\t\t\t<span class=\"elementor-button-content-wrapper\">\n\t\t\t\t\t\t\t\t\t<span class=\"elementor-button-text\">M\u00e1s Informaci\u00f3n<\/span>\n\t\t\t\t\t<\/span>\n\t\t\t\t\t<\/a>\n\t\t\t\t\t\t\t\t<\/div>\n\t\t\t\t<\/div>\n\t\t<div class=\"elementor-element elementor-element-c91d396 e-con-full e-flex e-con e-child\" data-id=\"c91d396\" data-element_type=\"container\" data-e-type=\"container\">\n\t\t\t\t<div class=\"elementor-element elementor-element-2466f91 elementor-widget elementor-widget-image\" data-id=\"2466f91\" data-element_type=\"widget\" data-e-type=\"widget\" data-widget_type=\"image.default\">\n\t\t\t\t\t\t\t\t\t\t\t\t\t\t\t<img decoding=\"async\" src=\"https:\/\/nueva.protectoramodepran.com\/wp-content\/uploads\/2026\/03\/MODEVET-NEGRO-scaled.png\" title=\"\" alt=\"\" loading=\"lazy\" \/>\t\t\t\t\t\t\t\t\t\t\t\t\t\t\t<\/div>\n\t\t\t\t<\/div>\n\t\t\t\t\t<\/div>\n\t\t\t\t<\/div>\n\t\t<div class=\"elementor-element elementor-element-7947f80 e-flex e-con-boxed e-con e-parent\" data-id=\"7947f80\" data-element_type=\"container\" data-e-type=\"container\" data-settings=\"{&quot;background_background&quot;:&quot;slideshow&quot;,&quot;background_slideshow_gallery&quot;:[{&quot;id&quot;:960,&quot;url&quot;:&quot;https:\\\/\\\/nueva.protectoramodepran.com\\\/wp-content\\\/uploads\\\/2026\\\/03\\\/modevet-valencia-modepran-scaled.jpg&quot;}],&quot;background_slideshow_slide_transition&quot;:&quot;slide_right&quot;,&quot;background_slideshow_loop&quot;:&quot;yes&quot;,&quot;background_slideshow_slide_duration&quot;:5000,&quot;background_slideshow_transition_duration&quot;:500}\">\n\t\t\t\t\t<div class=\"e-con-inner\">\n\t\t\t\t<div class=\"elementor-element elementor-element-2931385b elementor-widget__width-initial animated-slow elementor-invisible elementor-widget elementor-widget-heading\" data-id=\"2931385b\" data-element_type=\"widget\" data-e-type=\"widget\" data-settings=\"{&quot;_animation&quot;:&quot;fadeInUp&quot;}\" data-widget_type=\"heading.default\">\n\t\t\t\t\t<h2 class=\"elementor-heading-title elementor-size-default\">Preparar al perro o un gato para la adopci\u00f3n<\/h2>\t\t\t\t<\/div>\n\t\t\t\t<div class=\"elementor-element elementor-element-45b33d20 animated-slow elementor-invisible elementor-widget elementor-widget-text-editor\" data-id=\"45b33d20\" data-element_type=\"widget\" data-e-type=\"widget\" data-settings=\"{&quot;_animation&quot;:&quot;fadeInUp&quot;}\" data-widget_type=\"text-editor.default\">\n\t\t\t\t\t\t\t\t\t<p>Tener un perro de acogida es una experiencia enriquecedora tanto para ti como para el animal.\u00a0<\/p>\t\t\t\t\t\t\t\t<\/div>\n\t\t\t\t\t<\/div>\n\t\t\t\t<\/div>\n\t\t<div class=\"elementor-element elementor-element-255b722f e-con-full e-flex e-con e-parent\" data-id=\"255b722f\" data-element_type=\"container\" data-e-type=\"container\" data-settings=\"{&quot;background_background&quot;:&quot;classic&quot;}\">\n\t\t<div class=\"elementor-element elementor-element-42ac5177 e-con-full e-flex e-con e-child\" data-id=\"42ac5177\" data-element_type=\"container\" data-e-type=\"container\">\n\t\t\t\t<div class=\"elementor-element elementor-element-1d7d347 elementor-widget elementor-widget-image\" data-id=\"1d7d347\" data-element_type=\"widget\" data-e-type=\"widget\" data-widget_type=\"image.default\">\n\t\t\t\t\t\t\t\t\t\t\t\t\t\t\t<img fetchpriority=\"high\" decoding=\"async\" width=\"1000\" height=\"300\" src=\"https:\/\/protectoramodepran.com\/wp-content\/uploads\/2026\/03\/logo_teaming.png\" class=\"attachment-large size-large wp-image-970\" alt=\"\" srcset=\"https:\/\/protectoramodepran.com\/wp-content\/uploads\/2026\/03\/logo_teaming.png 1000w, https:\/\/protectoramodepran.com\/wp-content\/uploads\/2026\/03\/logo_teaming-300x90.png 300w, https:\/\/protectoramodepran.com\/wp-content\/uploads\/2026\/03\/logo_teaming-768x230.png 768w\" sizes=\"(max-width: 1000px) 100vw, 1000px\" \/>\t\t\t\t\t\t\t\t\t\t\t\t\t\t\t<\/div>\n\t\t\t\t<div class=\"elementor-element elementor-element-7f13aea0 elementor-widget elementor-widget-heading\" data-id=\"7f13aea0\" data-element_type=\"widget\" data-e-type=\"widget\" data-widget_type=\"heading.default\">\n\t\t\t\t\t<h3 class=\"elementor-heading-title elementor-size-default\">Con solo 1\u20ac al mes, cambia vidas \ud83d\udc3e \u00danete a nuestro Teaming y ayuda a los animales de la Modepran,  pues no hay donaci\u00f3n peque\u00f1a si sois muchos los que os declar\u00e1is\ncomprometidos con los animales.\n<\/h3>\t\t\t\t<\/div>\n\t\t\t\t<div class=\"elementor-element elementor-element-e307b62 elementor-align-center elementor-button-info elementor-mobile-align-center elementor-widget__width-initial elementor-widget elementor-widget-button\" data-id=\"e307b62\" data-element_type=\"widget\" data-e-type=\"widget\" data-widget_type=\"button.default\">\n\t\t\t\t\t\t\t\t\t\t<a class=\"elementor-button elementor-button-link elementor-size-lg elementor-animation-grow\" href=\"https:\/\/www.teaming.net\/modepranprotectoradeanimalesdevalencia\" target=\"_blank\">\n\t\t\t\t\t\t<span class=\"elementor-button-content-wrapper\">\n\t\t\t\t\t\t\t\t\t<span class=\"elementor-button-text\">M\u00e1s Informaci\u00f3n<\/span>\n\t\t\t\t\t<\/span>\n\t\t\t\t\t<\/a>\n\t\t\t\t\t\t\t\t<\/div>\n\t\t\t\t<\/div>\n\t\t<div class=\"elementor-element elementor-element-680c221e e-con-full e-flex e-con e-child\" data-id=\"680c221e\" data-element_type=\"container\" data-e-type=\"container\" data-settings=\"{&quot;background_background&quot;:&quot;classic&quot;}\">\n\t\t\t\t<\/div>\n\t\t\t\t<\/div>\n\t\t<div class=\"elementor-element elementor-element-95ac1a9 e-flex e-con-boxed e-con e-parent\" data-id=\"95ac1a9\" data-element_type=\"container\" data-e-type=\"container\">\n\t\t\t\t\t<div class=\"e-con-inner\">\n\t\t<div class=\"elementor-element elementor-element-bb42734 e-con-full e-flex e-con e-child\" data-id=\"bb42734\" data-element_type=\"container\" data-e-type=\"container\">\n\t\t\t\t<div class=\"elementor-element elementor-element-62c799f elementor-widget elementor-widget-heading\" data-id=\"62c799f\" data-element_type=\"widget\" data-e-type=\"widget\" id=\"centros\" data-widget_type=\"heading.default\">\n\t\t\t\t\t<h2 class=\"elementor-heading-title elementor-size-default\">Nuestros Centros <\/h2>\t\t\t\t<\/div>\n\t\t\t\t<\/div>\n\t\t<div class=\"elementor-element elementor-element-da77caf e-con-full e-flex e-con e-child\" data-id=\"da77caf\" data-element_type=\"container\" data-e-type=\"container\">\n\t\t<div class=\"elementor-element elementor-element-3b2caa4 e-con-full e-flex e-con e-child\" data-id=\"3b2caa4\" data-element_type=\"container\" data-e-type=\"container\">\n\t\t\t\t<div class=\"elementor-element elementor-element-ae8dee9 elementor-widget elementor-widget-image\" data-id=\"ae8dee9\" data-element_type=\"widget\" data-e-type=\"widget\" data-widget_type=\"image.default\">\n\t\t\t\t\t\t\t\t\t\t\t\t\t\t\t\t<a href=\"https:\/\/www.google.es\/maps\/place\/Modepran+Valencia\/@39.4954728,-0.4222245,17z\/data=!4m6!3m5!1s0xd604570ed201961:0x4927a3e062dcf93!8m2!3d39.4954728!4d-0.4196496!16s%2Fg%2F1hc32h37m?hl=es&#038;entry=ttu&#038;g_ep=EgoyMDI0MTEyNC4xIKXMDSoASAFQAw%3D%3D\" target=\"_blank\">\n\t\t\t\t\t\t\t<img decoding=\"async\" src=\"https:\/\/nueva.protectoramodepran.com\/wp-content\/uploads\/2024\/11\/benimamet-scaled.jpg\" title=\"\" alt=\"\" loading=\"lazy\" \/>\t\t\t\t\t\t\t\t<\/a>\n\t\t\t\t\t\t\t\t\t\t\t\t\t\t\t<\/div>\n\t\t\t\t<div class=\"elementor-element elementor-element-29e0297 elementor-widget elementor-widget-heading\" data-id=\"29e0297\" data-element_type=\"widget\" data-e-type=\"widget\" data-widget_type=\"heading.default\">\n\t\t\t\t\t<h2 class=\"elementor-heading-title elementor-size-default\"><a href=\"https:\/\/www.google.es\/maps\/place\/Modepran+Valencia\/@39.4954728,-0.4222245,17z\/data=!4m6!3m5!1s0xd604570ed201961:0x4927a3e062dcf93!8m2!3d39.4954728!4d-0.4196496!16s%2Fg%2F1hc32h37m?hl=es&#038;entry=ttu&#038;g_ep=EgoyMDI0MTEyNC4xIKXMDSoASAFQAw%3D%3D\" target=\"_blank\">\nModepran Benimamet<\/a><\/h2>\t\t\t\t<\/div>\n\t\t\t\t<div class=\"elementor-element elementor-element-a4460e4 elementor-widget elementor-widget-text-editor\" data-id=\"a4460e4\" data-element_type=\"widget\" data-e-type=\"widget\" data-widget_type=\"text-editor.default\">\n\t\t\t\t\t\t\t\t\t<p>C\/ Camino Nuevo de Paterna, 165<br \/>46035 &#8211; Benimamet, Valencia<\/p>\t\t\t\t\t\t\t\t<\/div>\n\t\t\t\t<\/div>\n\t\t<div class=\"elementor-element elementor-element-b798fc7 e-con-full e-flex e-con e-child\" data-id=\"b798fc7\" data-element_type=\"container\" data-e-type=\"container\">\n\t\t\t\t<div class=\"elementor-element elementor-element-ec590ff elementor-widget elementor-widget-image\" data-id=\"ec590ff\" data-element_type=\"widget\" data-e-type=\"widget\" data-widget_type=\"image.default\">\n\t\t\t\t\t\t\t\t\t\t\t\t\t\t\t\t<a href=\"https:\/\/www.google.es\/maps\/place\/Modepran+Carlet\/@39.2392616,-0.4990816,17z\/data=!3m1!4b1!4m6!3m5!1s0xd61ad717c681edd:0x75e88671443f9863!8m2!3d39.2392616!4d-0.4965067!16s%2Fg%2F11n65t_ndc?hl=es&#038;entry=ttu&#038;g_ep=EgoyMDI0MTEyNC4xIKXMDSoASAFQAw%3D%3D\" target=\"_blank\">\n\t\t\t\t\t\t\t<img decoding=\"async\" src=\"https:\/\/nueva.protectoramodepran.com\/wp-content\/uploads\/2024\/11\/maxresdefault.jpg\" title=\"\" alt=\"\" loading=\"lazy\" \/>\t\t\t\t\t\t\t\t<\/a>\n\t\t\t\t\t\t\t\t\t\t\t\t\t\t\t<\/div>\n\t\t\t\t<div class=\"elementor-element elementor-element-4298423 elementor-widget elementor-widget-heading\" data-id=\"4298423\" data-element_type=\"widget\" data-e-type=\"widget\" data-widget_type=\"heading.default\">\n\t\t\t\t\t<h2 class=\"elementor-heading-title elementor-size-default\"><a href=\"https:\/\/www.google.es\/maps\/place\/Modepran+Carlet\/@39.2392616,-0.4990816,17z\/data=!3m1!4b1!4m6!3m5!1s0xd61ad717c681edd:0x75e88671443f9863!8m2!3d39.2392616!4d-0.4965067!16s%2Fg%2F11n65t_ndc?hl=es&#038;entry=ttu&#038;g_ep=EgoyMDI0MTEyNC4xIKXMDSoASAFQAw%3D%3D\" target=\"_blank\">\nModepran Carlet<\/a><\/h2>\t\t\t\t<\/div>\n\t\t\t\t<div class=\"elementor-element elementor-element-571155f elementor-widget elementor-widget-text-editor\" data-id=\"571155f\" data-element_type=\"widget\" data-e-type=\"widget\" data-widget_type=\"text-editor.default\">\n\t\t\t\t\t\t\t\t\t<p>Cam\u00ed d&#8217;Alginet de la Carrera, 46240, Valencia<\/p>\t\t\t\t\t\t\t\t<\/div>\n\t\t\t\t<\/div>\n\t\t<div class=\"elementor-element elementor-element-5fb7209 e-con-full e-flex e-con e-child\" data-id=\"5fb7209\" data-element_type=\"container\" data-e-type=\"container\">\n\t\t\t\t<div class=\"elementor-element elementor-element-04ed14a elementor-widget elementor-widget-image\" data-id=\"04ed14a\" data-element_type=\"widget\" data-e-type=\"widget\" data-widget_type=\"image.default\">\n\t\t\t\t\t\t\t\t\t\t\t\t\t\t\t\t<a href=\"https:\/\/www.google.es\/maps\/place\/MODEVET+CENTRO+VETERINARIO\/@39.4764922,-0.4641454,17z\/data=!3m1!4b1!4m6!3m5!1s0x2e2aa32b76ce940b:0x94ccab88b1357260!8m2!3d39.4764922!4d-0.4615705!16s%2Fg%2F11v5v2yhz5?hl=es&#038;entry=ttu&#038;g_ep=EgoyMDI0MTEyNC4xIKXMDSoASAFQAw%3D%3D\" target=\"_blank\">\n\t\t\t\t\t\t\t<img decoding=\"async\" width=\"1024\" height=\"576\" src=\"https:\/\/protectoramodepran.com\/wp-content\/uploads\/2026\/03\/modevet-valencia-modepran-scaled-1-1024x576.jpg\" class=\"attachment-large size-large wp-image-960\" alt=\"\" srcset=\"https:\/\/protectoramodepran.com\/wp-content\/uploads\/2026\/03\/modevet-valencia-modepran-scaled-1-1024x576.jpg 1024w, https:\/\/protectoramodepran.com\/wp-content\/uploads\/2026\/03\/modevet-valencia-modepran-scaled-1-300x169.jpg 300w, https:\/\/protectoramodepran.com\/wp-content\/uploads\/2026\/03\/modevet-valencia-modepran-scaled-1-768x432.jpg 768w, https:\/\/protectoramodepran.com\/wp-content\/uploads\/2026\/03\/modevet-valencia-modepran-scaled-1-1536x865.jpg 1536w, https:\/\/protectoramodepran.com\/wp-content\/uploads\/2026\/03\/modevet-valencia-modepran-scaled-1-2048x1153.jpg 2048w\" sizes=\"(max-width: 1024px) 100vw, 1024px\" \/>\t\t\t\t\t\t\t\t<\/a>\n\t\t\t\t\t\t\t\t\t\t\t\t\t\t\t<\/div>\n\t\t\t\t<div class=\"elementor-element elementor-element-adc52a2 elementor-widget elementor-widget-heading\" data-id=\"adc52a2\" data-element_type=\"widget\" data-e-type=\"widget\" data-widget_type=\"heading.default\">\n\t\t\t\t\t<h2 class=\"elementor-heading-title elementor-size-default\"><a href=\"https:\/\/www.google.es\/maps\/place\/MODEVET+CENTRO+VETERINARIO\/@39.4764922,-0.4641454,17z\/data=!3m1!4b1!4m6!3m5!1s0x2e2aa32b76ce940b:0x94ccab88b1357260!8m2!3d39.4764922!4d-0.4615705!16s%2Fg%2F11v5v2yhz5?hl=es&#038;entry=ttu&#038;g_ep=EgoyMDI0MTEyNC4xIKXMDSoASAFQAw%3D%3D\" target=\"_blank\">\nModevet centro veterinario<\/a><\/h2>\t\t\t\t<\/div>\n\t\t\t\t<div class=\"elementor-element elementor-element-cb6abac elementor-widget elementor-widget-text-editor\" data-id=\"cb6abac\" data-element_type=\"widget\" data-e-type=\"widget\" data-widget_type=\"text-editor.default\">\n\t\t\t\t\t\t\t\t\t<p>Carrer Constituci\u00f3, 5, 46930 Quart de Poblet, Valencia<\/p>\t\t\t\t\t\t\t\t<\/div>\n\t\t\t\t<\/div>\n\t\t\t\t<\/div>\n\t\t\t\t\t<\/div>\n\t\t\t\t<\/div>\n\t\t\t\t<\/div>\n\t\t","protected":false},"excerpt":{"rendered":"<p>modepran Somos una asociaci\u00f3n sin \u00e1nimo de lucro dedicada a la protecci\u00f3n de los animales. Modepran gestiona la recogida y [&hellip;]<\/p>\n","protected":false},"author":1,"featured_media":0,"parent":0,"menu_order":0,"comment_status":"closed","ping_status":"closed","template":"","meta":{"site-sidebar-layout":"no-sidebar","site-content-layout":"","ast-site-content-layout":"full-width-container","site-content-style":"default","site-sidebar-style":"default","ast-global-header-display":"","ast-banner-title-visibility":"","ast-main-header-display":"","ast-hfb-above-header-display":"","ast-hfb-below-header-display":"","ast-hfb-mobile-header-display":"","site-post-title":"disabled","ast-breadcrumbs-content":"","ast-featured-img":"disabled","footer-sml-layout":"","ast-disable-related-posts":"","theme-transparent-header-meta":"","adv-header-id-meta":"","stick-header-meta":"","header-above-stick-meta":"","header-main-stick-meta":"","header-below-stick-meta":"","astra-migrate-meta-layouts":"default","ast-page-background-enabled":"default","ast-page-background-meta":{"desktop":{"background-color":"var(--ast-global-color-4)","background-image":"","background-repeat":"repeat","background-position":"center center","background-size":"auto","background-attachment":"scroll","background-type":"","background-media":"","overlay-type":"","overlay-color":"","overlay-opacity":"","overlay-gradient":""},"tablet":{"background-color":"","background-image":"","background-repeat":"repeat","background-position":"center center","background-size":"auto","background-attachment":"scroll","background-type":"","background-media":"","overlay-type":"","overlay-color":"","overlay-opacity":"","overlay-gradient":""},"mobile":{"background-color":"","background-image":"","background-repeat":"repeat","background-position":"center center","background-size":"auto","background-attachment":"scroll","background-type":"","background-media":"","overlay-type":"","overlay-color":"","overlay-opacity":"","overlay-gradient":""}},"ast-content-background-meta":{"desktop":{"background-color":"var(--ast-global-color-5)","background-image":"","background-repeat":"repeat","background-position":"center center","background-size":"auto","background-attachment":"scroll","background-type":"","background-media":"","overlay-type":"","overlay-color":"","overlay-opacity":"","overlay-gradient":""},"tablet":{"background-color":"var(--ast-global-color-5)","background-image":"","background-repeat":"repeat","background-position":"center center","background-size":"auto","background-attachment":"scroll","background-type":"","background-media":"","overlay-type":"","overlay-color":"","overlay-opacity":"","overlay-gradient":""},"mobile":{"background-color":"var(--ast-global-color-5)","background-image":"","background-repeat":"repeat","background-position":"center center","background-size":"auto","background-attachment":"scroll","background-type":"","background-media":"","overlay-type":"","overlay-color":"","overlay-opacity":"","overlay-gradient":""}},"footnotes":""},"class_list":["post-102","page","type-page","status-publish","hentry"],"_links":{"self":[{"href":"https:\/\/protectoramodepran.com\/index.php\/wp-json\/wp\/v2\/pages\/102","targetHints":{"allow":["GET"]}}],"collection":[{"href":"https:\/\/protectoramodepran.com\/index.php\/wp-json\/wp\/v2\/pages"}],"about":[{"href":"https:\/\/protectoramodepran.com\/index.php\/wp-json\/wp\/v2\/types\/page"}],"author":[{"embeddable":true,"href":"https:\/\/protectoramodepran.com\/index.php\/wp-json\/wp\/v2\/users\/1"}],"replies":[{"embeddable":true,"href":"https:\/\/protectoramodepran.com\/index.php\/wp-json\/wp\/v2\/comments?post=102"}],"version-history":[{"count":9,"href":"https:\/\/protectoramodepran.com\/index.php\/wp-json\/wp\/v2\/pages\/102\/revisions"}],"predecessor-version":[{"id":1319,"href":"https:\/\/protectoramodepran.com\/index.php\/wp-json\/wp\/v2\/pages\/102\/revisions\/1319"}],"wp:attachment":[{"href":"https:\/\/protectoramodepran.com\/index.php\/wp-json\/wp\/v2\/media?parent=102"}],"curies":[{"name":"wp","href":"https:\/\/api.w.org\/{rel}","templated":true}]}}