{"id":1285,"date":"2026-03-19T13:51:00","date_gmt":"2026-03-19T13:51:00","guid":{"rendered":"https:\/\/nueva.protectoramodepran.com\/?page_id=1285"},"modified":"2026-05-12T19:24:17","modified_gmt":"2026-05-12T19:24:17","slug":"adopciones","status":"publish","type":"page","link":"https:\/\/protectoramodepran.com\/index.php\/adopciones\/","title":{"rendered":"adopciones \/ acogida"},"content":{"rendered":"\t\t<div data-elementor-type=\"wp-page\" data-elementor-id=\"1285\" class=\"elementor elementor-1285\" data-elementor-post-type=\"page\">\n\t\t\t\t<div class=\"elementor-element elementor-element-f38e783 e-flex e-con-boxed e-con e-parent\" data-id=\"f38e783\" data-element_type=\"container\" data-e-type=\"container\">\n\t\t\t\t\t<div class=\"e-con-inner\">\n\t\t<div class=\"elementor-element elementor-element-ad050fa e-con-full e-flex e-con e-child\" data-id=\"ad050fa\" data-element_type=\"container\" data-e-type=\"container\">\n\t\t\t\t<div class=\"elementor-element elementor-element-912da8c elementor-widget elementor-widget-heading\" data-id=\"912da8c\" data-element_type=\"widget\" data-e-type=\"widget\" data-widget_type=\"heading.default\">\n\t\t\t\t\t<h2 class=\"elementor-heading-title elementor-size-default\">ADOPATAR <br><b>Es empezar una amistad para siempre<\/b><\/h2>\t\t\t\t<\/div>\n\t\t\t\t<div class=\"elementor-element elementor-element-77dc85fb elementor-widget-divider--view-line elementor-widget elementor-widget-divider\" data-id=\"77dc85fb\" data-element_type=\"widget\" data-e-type=\"widget\" data-widget_type=\"divider.default\">\n\t\t\t\t\t\t\t<div class=\"elementor-divider\">\n\t\t\t<span class=\"elementor-divider-separator\">\n\t\t\t\t\t\t<\/span>\n\t\t<\/div>\n\t\t\t\t\t\t<\/div>\n\t\t\t\t<div class=\"elementor-element elementor-element-a563d62 elementor-widget__width-initial elementor-widget elementor-widget-text-editor\" data-id=\"a563d62\" data-element_type=\"widget\" data-e-type=\"widget\" data-widget_type=\"text-editor.default\">\n\t\t\t\t\t\t\t\t\t<p>Es hacer posible que el refugio pueda seguir salvando animales del maltrato y el abandono, es una de las mejores decisiones que tomar\u00e1s en tu vida.<\/p>\t\t\t\t\t\t\t\t<\/div>\n\t\t\t\t<\/div>\n\t\t<div class=\"elementor-element elementor-element-cd7aa8a e-con-full e-flex e-con e-child\" data-id=\"cd7aa8a\" data-element_type=\"container\" data-e-type=\"container\">\n\t\t\t\t<div class=\"elementor-element elementor-element-cbb0af5 e-transform elementor-widget elementor-widget-image-carousel\" data-id=\"cbb0af5\" data-element_type=\"widget\" data-e-type=\"widget\" data-settings=\"{&quot;slides_to_show&quot;:&quot;1&quot;,&quot;navigation&quot;:&quot;none&quot;,&quot;autoplay_speed&quot;:1500,&quot;effect&quot;:&quot;fade&quot;,&quot;speed&quot;:3500,&quot;_transform_scale_effect_hover&quot;:{&quot;unit&quot;:&quot;px&quot;,&quot;size&quot;:1.1,&quot;sizes&quot;:[]},&quot;autoplay&quot;:&quot;yes&quot;,&quot;infinite&quot;:&quot;yes&quot;,&quot;_transform_scale_effect_hover_tablet&quot;:{&quot;unit&quot;:&quot;px&quot;,&quot;size&quot;:&quot;&quot;,&quot;sizes&quot;:[]},&quot;_transform_scale_effect_hover_mobile&quot;:{&quot;unit&quot;:&quot;px&quot;,&quot;size&quot;:&quot;&quot;,&quot;sizes&quot;:[]}}\" data-widget_type=\"image-carousel.default\">\n\t\t\t\t\t\t\t<div class=\"elementor-image-carousel-wrapper swiper\" role=\"region\" aria-roledescription=\"carousel\" aria-label=\"Carrusel de im\u00e1genes\" dir=\"ltr\">\n\t\t\t<div class=\"elementor-image-carousel swiper-wrapper swiper-image-stretch\" aria-live=\"off\">\n\t\t\t\t\t\t\t\t<div class=\"swiper-slide\" role=\"group\" aria-roledescription=\"slide\" aria-label=\"1 de 6\"><figure class=\"swiper-slide-inner\"><img decoding=\"async\" class=\"swiper-slide-image\" src=\"https:\/\/protectoramodepran.com\/wp-content\/uploads\/2026\/05\/MODEPRAN-2-1536x1024.jpg\" alt=\"MODEPRAN 2\" \/><\/figure><\/div><div class=\"swiper-slide\" role=\"group\" aria-roledescription=\"slide\" aria-label=\"2 de 6\"><figure class=\"swiper-slide-inner\"><img decoding=\"async\" class=\"swiper-slide-image\" src=\"https:\/\/protectoramodepran.com\/wp-content\/uploads\/2026\/05\/MODEPRAN-3-1536x1024.jpg\" alt=\"MODEPRAN 3\" \/><\/figure><\/div><div class=\"swiper-slide\" role=\"group\" aria-roledescription=\"slide\" aria-label=\"3 de 6\"><figure class=\"swiper-slide-inner\"><img decoding=\"async\" class=\"swiper-slide-image\" src=\"https:\/\/protectoramodepran.com\/wp-content\/uploads\/2026\/05\/MODEPRAN-4-1536x1024.jpg\" alt=\"MODEPRAN 4\" \/><\/figure><\/div><div class=\"swiper-slide\" role=\"group\" aria-roledescription=\"slide\" aria-label=\"4 de 6\"><figure class=\"swiper-slide-inner\"><img decoding=\"async\" class=\"swiper-slide-image\" src=\"https:\/\/protectoramodepran.com\/wp-content\/uploads\/2026\/05\/MODEPRAN-5-1536x1024.jpg\" alt=\"MODEPRAN 5\" \/><\/figure><\/div><div class=\"swiper-slide\" role=\"group\" aria-roledescription=\"slide\" aria-label=\"5 de 6\"><figure class=\"swiper-slide-inner\"><img decoding=\"async\" class=\"swiper-slide-image\" src=\"https:\/\/protectoramodepran.com\/wp-content\/uploads\/2026\/05\/MODEPRAN-6-1536x1024.jpg\" alt=\"MODEPRAN 6\" \/><\/figure><\/div><div class=\"swiper-slide\" role=\"group\" aria-roledescription=\"slide\" aria-label=\"6 de 6\"><figure class=\"swiper-slide-inner\"><img decoding=\"async\" class=\"swiper-slide-image\" src=\"https:\/\/protectoramodepran.com\/wp-content\/uploads\/2026\/05\/MODEPRAN-7-1536x1024.jpg\" alt=\"MODEPRAN 7\" \/><\/figure><\/div>\t\t\t<\/div>\n\t\t\t\t\t\t\t\n\t\t\t\t\t\t\t\t\t<\/div>\n\t\t\t\t\t\t<\/div>\n\t\t\t\t<\/div>\n\t\t\t\t\t<\/div>\n\t\t\t\t<\/div>\n\t\t<div class=\"elementor-element elementor-element-dc6b5ba e-flex e-con-boxed e-con e-parent\" data-id=\"dc6b5ba\" data-element_type=\"container\" data-e-type=\"container\">\n\t\t\t\t\t<div class=\"e-con-inner\">\n\t\t<div class=\"elementor-element elementor-element-36923ce e-con-full e-flex elementor-invisible e-con e-child\" data-id=\"36923ce\" data-element_type=\"container\" data-e-type=\"container\" data-settings=\"{&quot;background_background&quot;:&quot;classic&quot;,&quot;animation&quot;:&quot;slideInRight&quot;}\">\n\t\t\t\t<div class=\"elementor-element elementor-element-3da7b10 elementor-widget__width-initial elementor-widget elementor-widget-image\" data-id=\"3da7b10\" data-element_type=\"widget\" data-e-type=\"widget\" data-widget_type=\"image.default\">\n\t\t\t\t\t\t\t\t\t\t\t\t\t\t\t<img decoding=\"async\" src=\"https:\/\/nueva.protectoramodepran.com\/wp-content\/uploads\/2024\/11\/LOGO-SENCILLO.jpg\" title=\"\" alt=\"\" loading=\"lazy\" \/>\t\t\t\t\t\t\t\t\t\t\t\t\t\t\t<\/div>\n\t\t\t\t<div class=\"elementor-element elementor-element-1dd2aca elementor-widget elementor-widget-image-box\" data-id=\"1dd2aca\" data-element_type=\"widget\" data-e-type=\"widget\" data-widget_type=\"image-box.default\">\n\t\t\t\t\t<div class=\"elementor-image-box-wrapper\"><div class=\"elementor-image-box-content\"><h5 class=\"elementor-image-box-title\"><a href=\"https:\/\/api.whatsapp.com\/send?phone=+34673274792\" target=\"_blank\">Puedes Escribirnos al Whatsapp<\/a><\/h5><p class=\"elementor-image-box-description\">+34673274792<\/p><\/div><\/div>\t\t\t\t<\/div>\n\t\t\t\t<div class=\"elementor-element elementor-element-aa32cd0 elementor-widget elementor-widget-heading\" data-id=\"aa32cd0\" data-element_type=\"widget\" data-e-type=\"widget\" data-widget_type=\"heading.default\">\n\t\t\t\t\t<p class=\"elementor-heading-title elementor-size-default\">12 a\u00f1os de experiencia<\/p>\t\t\t\t<\/div>\n\t\t\t\t<\/div>\n\t\t\t\t\t<\/div>\n\t\t\t\t<\/div>\n\t\t<div class=\"elementor-element elementor-element-ed492a9 elementor-hidden-tablet elementor-hidden-mobile e-flex e-con-boxed e-con e-parent\" data-id=\"ed492a9\" data-element_type=\"container\" data-e-type=\"container\">\n\t\t\t\t\t<div class=\"e-con-inner\">\n\t\t\t\t<div class=\"elementor-element elementor-element-16465841 elementor-widget__width-auto elementor-align-left elementor-widget elementor-widget-button\" data-id=\"16465841\" data-element_type=\"widget\" data-e-type=\"widget\" data-widget_type=\"button.default\">\n\t\t\t\t\t\t\t\t\t\t<a class=\"elementor-button elementor-button-link elementor-size-sm elementor-animation-float\" href=\"https:\/\/www.facebook.com\/share\/1CG6ZAfH6V\">\n\t\t\t\t\t\t<span class=\"elementor-button-content-wrapper\">\n\t\t\t\t\t\t<span class=\"elementor-button-icon\">\n\t\t\t\t\t\t\t<\/span>\n\t\t\t\t\t\t\t\t\t<span class=\"elementor-button-text\">FACEBOOK<\/span>\n\t\t\t\t\t<\/span>\n\t\t\t\t\t<\/a>\n\t\t\t\t\t\t\t\t<\/div>\n\t\t\t\t<div class=\"elementor-element elementor-element-9aaeccf elementor-widget__width-auto elementor-widget elementor-widget-button\" data-id=\"9aaeccf\" data-element_type=\"widget\" data-e-type=\"widget\" data-widget_type=\"button.default\">\n\t\t\t\t\t\t\t\t\t\t<a class=\"elementor-button elementor-button-link elementor-size-sm elementor-animation-float\" href=\"https:\/\/www.instagram.com\/protectoradeanimales_modepran?igsh=MWV0dGc4ZmN1c2g3NA==\">\n\t\t\t\t\t\t<span class=\"elementor-button-content-wrapper\">\n\t\t\t\t\t\t<span class=\"elementor-button-icon\">\n\t\t\t\t\t\t\t<\/span>\n\t\t\t\t\t\t\t\t\t<span class=\"elementor-button-text\">INSTAGRAM<\/span>\n\t\t\t\t\t<\/span>\n\t\t\t\t\t<\/a>\n\t\t\t\t\t\t\t\t<\/div>\n\t\t\t\t\t<\/div>\n\t\t\t\t<\/div>\n\t\t<div class=\"elementor-element elementor-element-1ddb623c e-con-full e-flex e-con e-parent\" data-id=\"1ddb623c\" data-element_type=\"container\" data-e-type=\"container\" data-settings=\"{&quot;background_background&quot;:&quot;gradient&quot;}\">\n\t\t<div class=\"elementor-element elementor-element-6d6da5d1 e-con-full e-flex e-con e-child\" data-id=\"6d6da5d1\" data-element_type=\"container\" data-e-type=\"container\">\n\t\t\t\t<div class=\"elementor-element elementor-element-254887aa elementor-widget-tablet__width-inherit elementor-cta--layout-image-above elementor-cta--skin-classic elementor-animated-content elementor-bg-transform elementor-bg-transform-zoom-in elementor-widget elementor-widget-call-to-action\" data-id=\"254887aa\" data-element_type=\"widget\" data-e-type=\"widget\" data-widget_type=\"call-to-action.default\">\n\t\t\t\t\t\t\t<div class=\"elementor-cta\">\n\t\t\t\t\t<div class=\"elementor-cta__bg-wrapper\">\n\t\t\t\t<div class=\"elementor-cta__bg elementor-bg\" style=\"background-image: url(https:\/\/protectoramodepran.com\/wp-content\/uploads\/2024\/12\/Llega-el-frio-Seguimos-por-aqui-sin-parar-de-trabajar.-La-gente-sigue-viniendo-a-ayudar-y-preguntando-que-hace-falta-asi-que-os-vamos-a-contar-un-poco-como-vamos-Por-l.jpg);\" role=\"img\" aria-label=\"Llega el fr\u00edo!!! Seguimos por aqu\u00ed sin parar de trabajar. La gente sigue viniendo a ayudar y preguntando qu\u00e9 hace falta as\u00ed que os vamos a contar un poco c\u00f3mo vamos-Por l\"><\/div>\n\t\t\t\t<div class=\"elementor-cta__bg-overlay\"><\/div>\n\t\t\t<\/div>\n\t\t\t\t\t\t\t\t<\/div>\n\t\t\t\t\t\t<\/div>\n\t\t\t\t<div class=\"elementor-element elementor-element-11726582 elementor-widget__width-initial elementor-absolute elementor-widget elementor-widget-spacer\" data-id=\"11726582\" data-element_type=\"widget\" data-e-type=\"widget\" data-settings=\"{&quot;_position&quot;:&quot;absolute&quot;}\" data-widget_type=\"spacer.default\">\n\t\t\t\t\t\t\t<div class=\"elementor-spacer\">\n\t\t\t<div class=\"elementor-spacer-inner\"><\/div>\n\t\t<\/div>\n\t\t\t\t\t\t<\/div>\n\t\t\t\t<\/div>\n\t\t<div class=\"elementor-element elementor-element-5f2dad77 e-con-full e-flex e-con e-child\" data-id=\"5f2dad77\" data-element_type=\"container\" data-e-type=\"container\">\n\t\t\t\t<div class=\"elementor-element elementor-element-5f85a7d4 elementor-widget-divider--view-line elementor-widget elementor-widget-divider\" data-id=\"5f85a7d4\" data-element_type=\"widget\" data-e-type=\"widget\" data-widget_type=\"divider.default\">\n\t\t\t\t\t\t\t<div class=\"elementor-divider\">\n\t\t\t<span class=\"elementor-divider-separator\">\n\t\t\t\t\t\t<\/span>\n\t\t<\/div>\n\t\t\t\t\t\t<\/div>\n\t\t\t\t<div class=\"elementor-element elementor-element-295336a8 elementor-widget elementor-widget-heading\" data-id=\"295336a8\" data-element_type=\"widget\" data-e-type=\"widget\" data-widget_type=\"heading.default\">\n\t\t\t\t\t<h2 class=\"elementor-heading-title elementor-size-default\"><b>\u00bfC\u00f3mo funcionan <\/b> las adopciones?<\/h2>\t\t\t\t<\/div>\n\t\t\t\t<div class=\"elementor-element elementor-element-7f94ba48 elementor-widget elementor-widget-text-editor\" data-id=\"7f94ba48\" data-element_type=\"widget\" data-e-type=\"widget\" data-widget_type=\"text-editor.default\">\n\t\t\t\t\t\t\t\t\t<p>Nuestro refugio tiene las puertas abiertas a cualquier persona dispuesta a adoptar o acoger un animal, solo tienes que venir a vernos, hablamos, nos conocemos, conoces a los animales y te asesoramos para que la historia que empiece aqu\u00ed ese d\u00eda sea un acierto total.<\/p><p>Hacemos un cuestionario a todas las familias que vienen a adoptar con el fin de conoceros mejor y garantizar el bienestar de los animales que salen adoptados. El proceso de adopci\u00f3n puede ser de un solo d\u00eda o puede requerir varios encuentros entre la familia y el animal, no todas las historias son iguales.<\/p><p>\u00a0<\/p>\t\t\t\t\t\t\t\t<\/div>\n\t\t\t\t<\/div>\n\t\t\t\t<\/div>\n\t\t<div class=\"elementor-element elementor-element-b6a94c8 e-flex e-con-boxed e-con e-parent\" data-id=\"b6a94c8\" data-element_type=\"container\" data-e-type=\"container\">\n\t\t\t\t\t<div class=\"e-con-inner\">\n\t\t\t\t<div class=\"elementor-element elementor-element-e02ef15 elementor-widget elementor-widget-text-editor\" data-id=\"e02ef15\" data-element_type=\"widget\" data-e-type=\"widget\" data-widget_type=\"text-editor.default\">\n\t\t\t\t\t\t\t\t\t<p><span dir=\"auto\" style=\"vertical-align: inherit;\"><span dir=\"auto\" style=\"vertical-align: inherit;\">Las adopciones tienen un coste destinado a cubrir todo lo que consideramos que los animales necesitan para garantizar su bienestar, y que proporcionamos desde Modepran, como es: chip, vacunas, esterilizaci\u00f3n, desparasitaci\u00f3n y pasaporte. Las adopciones de perros y gatos mayores de 7 a\u00f1os no tienen coste.<\/span><\/span><\/p>\t\t\t\t\t\t\t\t<\/div>\n\t\t\t\t\t<\/div>\n\t\t\t\t<\/div>\n\t\t<div class=\"elementor-element elementor-element-cd9b9df e-flex e-con-boxed e-con e-parent\" data-id=\"cd9b9df\" data-element_type=\"container\" data-e-type=\"container\">\n\t\t\t\t\t<div class=\"e-con-inner\">\n\t\t\t\t<div class=\"elementor-element elementor-element-ba113a8 elementor-widget elementor-widget-heading\" data-id=\"ba113a8\" data-element_type=\"widget\" data-e-type=\"widget\" data-widget_type=\"heading.default\">\n\t\t\t\t\t<h2 class=\"elementor-heading-title elementor-size-default\"><b>5000 adopciones,<\/b> 1200 acogigas,<\/h2>\t\t\t\t<\/div>\n\t\t\t\t<div class=\"elementor-element elementor-element-ff79b5f elementor-widget__width-initial elementor-widget-mobile__width-initial elementor-widget elementor-widget-text-editor\" data-id=\"ff79b5f\" data-element_type=\"widget\" data-e-type=\"widget\" data-widget_type=\"text-editor.default\">\n\t\t\t\t\t\t\t\t\t<p><span dir=\"auto\" style=\"vertical-align: inherit;\"><span dir=\"auto\" style=\"vertical-align: inherit;\">Si quieres adoptar ven directamente a vernos, te estamos esperando.<\/span><\/span><\/p>\t\t\t\t\t\t\t\t<\/div>\n\t\t\t\t<div class=\"elementor-element elementor-element-db3be17 elementor-tablet-align-center elementor-align-right elementor-invisible elementor-widget elementor-widget-button\" data-id=\"db3be17\" data-element_type=\"widget\" data-e-type=\"widget\" data-settings=\"{&quot;_animation&quot;:&quot;fadeInLeft&quot;}\" data-widget_type=\"button.default\">\n\t\t\t\t\t\t\t\t\t\t<a class=\"elementor-button elementor-button-link elementor-size-sm elementor-animation-shrink\" href=\"https:\/\/nueva.protectoramodepran.com\/contacto\/\">\n\t\t\t\t\t\t<span class=\"elementor-button-content-wrapper\">\n\t\t\t\t\t\t\t\t\t<span class=\"elementor-button-text\">Descargar formulario <\/span>\n\t\t\t\t\t<\/span>\n\t\t\t\t\t<\/a>\n\t\t\t\t\t\t\t\t<\/div>\n\t\t\t\t\t<\/div>\n\t\t\t\t<\/div>\n\t\t<div class=\"elementor-element elementor-element-c3ba75a e-flex e-con-boxed e-con e-parent\" data-id=\"c3ba75a\" data-element_type=\"container\" data-e-type=\"container\" data-settings=\"{&quot;background_background&quot;:&quot;slideshow&quot;,&quot;background_slideshow_gallery&quot;:[{&quot;id&quot;:710,&quot;url&quot;:&quot;https:\\\/\\\/nueva.protectoramodepran.com\\\/wp-content\\\/uploads\\\/2025\\\/03\\\/porque-realizar-donacion-a-modepran-scaled.jpg&quot;}],&quot;background_slideshow_loop&quot;:&quot;yes&quot;,&quot;background_slideshow_slide_duration&quot;:5000,&quot;background_slideshow_slide_transition&quot;:&quot;fade&quot;,&quot;background_slideshow_transition_duration&quot;:500}\">\n\t\t\t\t\t<div class=\"e-con-inner\">\n\t\t\t\t\t<\/div>\n\t\t\t\t<\/div>\n\t\t<div class=\"elementor-element elementor-element-70e7685 e-flex e-con-boxed e-con e-parent\" data-id=\"70e7685\" data-element_type=\"container\" data-e-type=\"container\">\n\t\t\t\t\t<div class=\"e-con-inner\">\n\t\t<div class=\"elementor-element elementor-element-e0ed201 e-con-full e-flex e-con e-child\" data-id=\"e0ed201\" data-element_type=\"container\" data-e-type=\"container\">\n\t\t\t\t<div class=\"elementor-element elementor-element-e4f7cb8 elementor-widget elementor-widget-heading\" data-id=\"e4f7cb8\" data-element_type=\"widget\" data-e-type=\"widget\" data-widget_type=\"heading.default\">\n\t\t\t\t\t<h2 class=\"elementor-heading-title elementor-size-default\"><b>Adopta<\/b> un senior<\/h2>\t\t\t\t<\/div>\n\t\t\t\t<div class=\"elementor-element elementor-element-40c8aed elementor-widget elementor-widget-text-editor\" data-id=\"40c8aed\" data-element_type=\"widget\" data-e-type=\"widget\" data-widget_type=\"text-editor.default\">\n\t\t\t\t\t\t\t\t\t<p>Los perros y gatos de m\u00e1s de 7 a\u00f1os tienen muchas menos oportunidades de encontrar una familia y son los que m\u00e1s lo necesitan, es por eso que ponemos todo lo que podemos de nuestra parte, asumiendo los costes asociados a la adopci\u00f3n para que esta sea gratuita<br \/>para las familias<\/p>\t\t\t\t\t\t\t\t<\/div>\n\t\t\t\t<div class=\"elementor-element elementor-element-cd95902 elementor-widget elementor-widget-heading\" data-id=\"cd95902\" data-element_type=\"widget\" data-e-type=\"widget\" data-widget_type=\"heading.default\">\n\t\t\t\t\t<h2 class=\"elementor-heading-title elementor-size-default\"><b>Se refugio durante un tiempo, <\/b> acoge<\/h2>\t\t\t\t<\/div>\n\t\t\t\t<div class=\"elementor-element elementor-element-62fcf7c elementor-widget elementor-widget-text-editor\" data-id=\"62fcf7c\" data-element_type=\"widget\" data-e-type=\"widget\" data-widget_type=\"text-editor.default\">\n\t\t\t\t\t\t\t\t\t<p>Las acogidas son vitales para nosotros. Lo ideal es que los animales, mientras esperan a encontrar una familia definitiva, est\u00e9n en un hogar temporal, en acogida. Esto es vital para que no pasen por el trance de vivir en un refugio, con todo lo que ello implica. Es por ello que ser casa de acogida es de gran importancia para nosotros.<\/p><p>Las casas de acogida ayudan a los animales a sanar f\u00edsica y emocionalmente m\u00e1s r\u00e1pido, y muchas veces salvan vidas.<\/p><p>\u00a0<\/p>\t\t\t\t\t\t\t\t<\/div>\n\t\t\t\t<\/div>\n\t\t<div class=\"elementor-element elementor-element-b4b0478 e-con-full e-flex e-con e-child\" data-id=\"b4b0478\" data-element_type=\"container\" data-e-type=\"container\">\n\t\t\t\t<div class=\"elementor-element elementor-element-725a1da e-transform elementor-widget elementor-widget-image\" data-id=\"725a1da\" data-element_type=\"widget\" data-e-type=\"widget\" data-settings=\"{&quot;_transform_scale_effect_hover&quot;:{&quot;unit&quot;:&quot;px&quot;,&quot;size&quot;:1.1,&quot;sizes&quot;:[]},&quot;_transform_scale_effect_hover_tablet&quot;:{&quot;unit&quot;:&quot;px&quot;,&quot;size&quot;:&quot;&quot;,&quot;sizes&quot;:[]},&quot;_transform_scale_effect_hover_mobile&quot;:{&quot;unit&quot;:&quot;px&quot;,&quot;size&quot;:&quot;&quot;,&quot;sizes&quot;:[]}}\" data-widget_type=\"image.default\">\n\t\t\t\t\t\t\t\t\t\t\t\t\t\t\t<img fetchpriority=\"high\" decoding=\"async\" width=\"683\" height=\"1024\" src=\"https:\/\/protectoramodepran.com\/wp-content\/uploads\/2026\/05\/MODEPRAN-14-683x1024.webp\" class=\"attachment-large size-large wp-image-1488\" alt=\"\" srcset=\"https:\/\/protectoramodepran.com\/wp-content\/uploads\/2026\/05\/MODEPRAN-14-683x1024.webp 683w, https:\/\/protectoramodepran.com\/wp-content\/uploads\/2026\/05\/MODEPRAN-14-200x300.webp 200w, https:\/\/protectoramodepran.com\/wp-content\/uploads\/2026\/05\/MODEPRAN-14-768x1152.webp 768w, https:\/\/protectoramodepran.com\/wp-content\/uploads\/2026\/05\/MODEPRAN-14-1024x1536.webp 1024w, https:\/\/protectoramodepran.com\/wp-content\/uploads\/2026\/05\/MODEPRAN-14-1365x2048.webp 1365w, https:\/\/protectoramodepran.com\/wp-content\/uploads\/2026\/05\/MODEPRAN-14-scaled.webp 1707w\" sizes=\"(max-width: 683px) 100vw, 683px\" \/>\t\t\t\t\t\t\t\t\t\t\t\t\t\t\t<\/div>\n\t\t\t\t<div class=\"elementor-element elementor-element-9a03ed9 elementor-tablet-align-center elementor-align-right elementor-invisible elementor-widget elementor-widget-button\" data-id=\"9a03ed9\" data-element_type=\"widget\" data-e-type=\"widget\" data-settings=\"{&quot;_animation&quot;:&quot;fadeInLeft&quot;}\" data-widget_type=\"button.default\">\n\t\t\t\t\t\t\t\t\t\t<a class=\"elementor-button elementor-button-link elementor-size-sm elementor-animation-shrink\" href=\"https:\/\/nueva.protectoramodepran.com\/contacto\/\">\n\t\t\t\t\t\t<span class=\"elementor-button-content-wrapper\">\n\t\t\t\t\t\t\t\t\t<span class=\"elementor-button-text\">Descargar  formulario <\/span>\n\t\t\t\t\t<\/span>\n\t\t\t\t\t<\/a>\n\t\t\t\t\t\t\t\t<\/div>\n\t\t\t\t<\/div>\n\t\t\t\t\t<\/div>\n\t\t\t\t<\/div>\n\t\t<div class=\"elementor-element elementor-element-9d45876 e-flex e-con-boxed e-con e-parent\" data-id=\"9d45876\" data-element_type=\"container\" data-e-type=\"container\">\n\t\t\t\t\t<div class=\"e-con-inner\">\n\t\t\t\t<div class=\"elementor-element elementor-element-34c0f44 elementor-widget elementor-widget-text-editor\" data-id=\"34c0f44\" data-element_type=\"widget\" data-e-type=\"widget\" data-widget_type=\"text-editor.default\">\n\t\t\t\t\t\t\t\t\t<p>Durante el periodo de acogida Modepran cubre los gastos asociados al cuidado del perro o gato que se acoge, la familia solo tiene que encargarse de dar amor y cuidados, y de hacer fotos bonitas para que podamos seguir buscando una familia definitiva a ese animal. \u00bfY si te enamoras y ya no puedes vivir sin \u00e9l o ella? Las familias de acogida tienen prioridad para adoptar en el momento que quieran durante el periodo de acogida.<\/p><p>Si quieres ser casa de acogida indefinida para un perro o un gato solo tienes que venir al refugio y te atenderemos para ver el caso que mejor se adapte a tu hogar.<\/p>\t\t\t\t\t\t\t\t<\/div>\n\t\t\t\t<div class=\"elementor-element elementor-element-8d60dcd elementor-widget elementor-widget-spacer\" data-id=\"8d60dcd\" data-element_type=\"widget\" data-e-type=\"widget\" data-widget_type=\"spacer.default\">\n\t\t\t\t\t\t\t<div class=\"elementor-spacer\">\n\t\t\t<div class=\"elementor-spacer-inner\"><\/div>\n\t\t<\/div>\n\t\t\t\t\t\t<\/div>\n\t\t\t\t\t<\/div>\n\t\t\t\t<\/div>\n\t\t\t\t<\/div>\n\t\t","protected":false},"excerpt":{"rendered":"<p>ADOPATAR Es empezar una amistad para siempre Es hacer posible que el refugio pueda seguir salvando animales del maltrato y [&hellip;]<\/p>\n","protected":false},"author":1,"featured_media":0,"parent":0,"menu_order":0,"comment_status":"closed","ping_status":"closed","template":"","meta":{"site-sidebar-layout":"no-sidebar","site-content-layout":"","ast-site-content-layout":"full-width-container","site-content-style":"default","site-sidebar-style":"default","ast-global-header-display":"","ast-banner-title-visibility":"","ast-main-header-display":"","ast-hfb-above-header-display":"","ast-hfb-below-header-display":"","ast-hfb-mobile-header-display":"","site-post-title":"disabled","ast-breadcrumbs-content":"","ast-featured-img":"disabled","footer-sml-layout":"","ast-disable-related-posts":"","theme-transparent-header-meta":"","adv-header-id-meta":"","stick-header-meta":"","header-above-stick-meta":"","header-main-stick-meta":"","header-below-stick-meta":"","astra-migrate-meta-layouts":"default","ast-page-background-enabled":"default","ast-page-background-meta":{"desktop":{"background-color":"var(--ast-global-color-4)","background-image":"","background-repeat":"repeat","background-position":"center center","background-size":"auto","background-attachment":"scroll","background-type":"","background-media":"","overlay-type":"","overlay-color":"","overlay-opacity":"","overlay-gradient":""},"tablet":{"background-color":"","background-image":"","background-repeat":"repeat","background-position":"center center","background-size":"auto","background-attachment":"scroll","background-type":"","background-media":"","overlay-type":"","overlay-color":"","overlay-opacity":"","overlay-gradient":""},"mobile":{"background-color":"","background-image":"","background-repeat":"repeat","background-position":"center center","background-size":"auto","background-attachment":"scroll","background-type":"","background-media":"","overlay-type":"","overlay-color":"","overlay-opacity":"","overlay-gradient":""}},"ast-content-background-meta":{"desktop":{"background-color":"var(--ast-global-color-5)","background-image":"","background-repeat":"repeat","background-position":"center center","background-size":"auto","background-attachment":"scroll","background-type":"","background-media":"","overlay-type":"","overlay-color":"","overlay-opacity":"","overlay-gradient":""},"tablet":{"background-color":"var(--ast-global-color-5)","background-image":"","background-repeat":"repeat","background-position":"center center","background-size":"auto","background-attachment":"scroll","background-type":"","background-media":"","overlay-type":"","overlay-color":"","overlay-opacity":"","overlay-gradient":""},"mobile":{"background-color":"var(--ast-global-color-5)","background-image":"","background-repeat":"repeat","background-position":"center center","background-size":"auto","background-attachment":"scroll","background-type":"","background-media":"","overlay-type":"","overlay-color":"","overlay-opacity":"","overlay-gradient":""}},"footnotes":""},"class_list":["post-1285","page","type-page","status-publish","hentry"],"aioseo_notices":[],"_links":{"self":[{"href":"https:\/\/protectoramodepran.com\/index.php\/wp-json\/wp\/v2\/pages\/1285","targetHints":{"allow":["GET"]}}],"collection":[{"href":"https:\/\/protectoramodepran.com\/index.php\/wp-json\/wp\/v2\/pages"}],"about":[{"href":"https:\/\/protectoramodepran.com\/index.php\/wp-json\/wp\/v2\/types\/page"}],"author":[{"embeddable":true,"href":"https:\/\/protectoramodepran.com\/index.php\/wp-json\/wp\/v2\/users\/1"}],"replies":[{"embeddable":true,"href":"https:\/\/protectoramodepran.com\/index.php\/wp-json\/wp\/v2\/comments?post=1285"}],"version-history":[{"count":72,"href":"https:\/\/protectoramodepran.com\/index.php\/wp-json\/wp\/v2\/pages\/1285\/revisions"}],"predecessor-version":[{"id":1503,"href":"https:\/\/protectoramodepran.com\/index.php\/wp-json\/wp\/v2\/pages\/1285\/revisions\/1503"}],"wp:attachment":[{"href":"https:\/\/protectoramodepran.com\/index.php\/wp-json\/wp\/v2\/media?parent=1285"}],"curies":[{"name":"wp","href":"https:\/\/api.w.org\/{rel}","templated":true}]}}