{"id":639,"date":"2024-12-09T16:12:49","date_gmt":"2024-12-09T16:12:49","guid":{"rendered":"https:\/\/nueva.protectoramodepran.com\/?page_id=639"},"modified":"2026-04-16T20:51:20","modified_gmt":"2026-04-16T20:51:20","slug":"politica-de-cookies","status":"publish","type":"page","link":"https:\/\/protectoramodepran.com\/index.php\/politica-de-cookies\/","title":{"rendered":"Pol\u00edtica de cookies"},"content":{"rendered":"\t\t<div data-elementor-type=\"wp-page\" data-elementor-id=\"639\" class=\"elementor elementor-639\" data-elementor-post-type=\"page\">\n\t\t\t\t<div class=\"elementor-element elementor-element-23699466 e-flex e-con-boxed e-con e-parent\" data-id=\"23699466\" data-element_type=\"container\" data-e-type=\"container\">\n\t\t\t\t\t<div class=\"e-con-inner\">\n\t\t\t\t<div class=\"elementor-element elementor-element-7f035a19 elementor-widget elementor-widget-heading\" data-id=\"7f035a19\" data-element_type=\"widget\" data-e-type=\"widget\" data-widget_type=\"heading.default\">\n\t\t\t\t\t<h2 class=\"elementor-heading-title elementor-size-default\">POL\u00cdTICA DE COOKIES\n<\/h2>\t\t\t\t<\/div>\n\t\t\t\t<div class=\"elementor-element elementor-element-6c4296c9 elementor-widget elementor-widget-text-editor\" data-id=\"6c4296c9\" data-element_type=\"widget\" data-e-type=\"widget\" data-widget_type=\"text-editor.default\">\n\t\t\t\t\t\t\t\t\t<h4>1.2. \u00bfQue son Cookies?<\/h4><p>Una cookie es un peque\u00f1o fichero de texto que se almacena en su navegador cuando visita casi cualquier p\u00e1gina web. Su utilidad es que la web sea capaz de recordar su visita cuando vuelva a navegar por esa p\u00e1gina.<\/p><h4>1.2. Cookies Utilizados en la web<\/h4><p>Siguiendo las directrices de la Agencia Espa\u00f1ola de Protecci\u00f3n de Datos, procedemos a detallar el uso de cookies de esta web:<\/p><ul><li><strong>Cookies T\u00e9cnicas (Necesarias):<\/strong> Son aquellas que permiten al usuario la navegaci\u00f3n a trav\u00e9s de la p\u00e1gina web y la utilizaci\u00f3n de las diferentes opciones o servicios que en ella existen, como controlar el tr\u00e1fico y la comunicaci\u00f3n de datos, o utilizar elementos de seguridad.<\/li><li><strong>Cookies de Personalizaci\u00f3n:<\/strong> Permiten al usuario acceder al servicio con algunas caracter\u00edsticas de car\u00e1cter general predefinidas (como el idioma o el tipo de navegador).<\/li><li><strong>Cookies de An\u00e1lisis (Terceros):<\/strong> Son aquellas que, tratadas por nosotros o por terceros (como Google Analytics), nos permiten cuantificar el n\u00famero de usuarios y realizar el an\u00e1lisis estad\u00edstico del uso que hacen los usuarios de nuestra web. Esto nos ayuda a saber qu\u00e9 animales reciben m\u00e1s visitas y mejorar nuestras campa\u00f1as de adopci\u00f3n.<\/li><li><strong>Cookies de Redes Sociales:<\/strong> Cookies de terceros (Facebook, Instagram, Twitter) para que el usuario pueda compartir contenidos de nuestra web en sus redes sociales.<\/li><\/ul><h4>1.3. Cuadro de Cookies Detallado<\/h4><table><thead><tr><td><p><strong>Nombre<\/strong><\/p><\/td><td><p><strong>Origen<\/strong><\/p><\/td><td><p><strong>Finalidad<\/strong><\/p><\/td><td><p><strong>Caducidad<\/strong><\/p><\/td><\/tr><\/thead><tbody><tr><td><p><strong>_ga<\/strong><\/p><\/td><td><p>Google Analytics<\/p><\/td><td><p>Identificaci\u00f3n de usuarios para estad\u00edsticas<\/p><\/td><td><p>2 a\u00f1os<\/p><\/td><\/tr><tr><td><p><strong>_gid<\/strong><\/p><\/td><td><p>Google Analytics<\/p><\/td><td><p>Agrupaci\u00f3n del comportamiento del usuario<\/p><\/td><td><p>24 horas<\/p><\/td><\/tr><tr><td><p><strong>PHPSESSID<\/strong><\/p><\/td><td><p>Propia<\/p><\/td><td><p>Gestionar la sesi\u00f3n del usuario en la web<\/p><\/td><td><p>Al cerrar sesi\u00f3n<\/p><\/td><\/tr><tr><td><p><strong>_fbp<\/strong><\/p><\/td><td><p>Facebook<\/p><\/td><td><p>Publicidad y seguimiento de eventos sociales<\/p><\/td><td><p>3 meses<\/p><\/td><\/tr><\/tbody><\/table><p><strong>\u00a0<\/strong><\/p><h4>1.4 Como desactivar o eliminar cookies<\/h4><p>En cualquier momento podr\u00e1 ejercer su derecho de desactivaci\u00f3n o eliminaci\u00f3n de cookies de este sitio web. Estas acciones se realizan de forma diferente en funci\u00f3n del navegador que est\u00e9 usando:<\/p><ul><li><strong>Chrome:<\/strong> Configuraci\u00f3n -&gt; Mostrar opciones avanzadas -&gt; Privacidad -&gt; Configuraci\u00f3n de contenido.<\/li><li><strong>Firefox:<\/strong> Opciones -&gt; Privacidad -&gt; Historial -&gt; Configuraci\u00f3n Personalizada.<\/li><li><strong>Safari:<\/strong> Preferencias -&gt; Seguridad.<\/li><\/ul><h4>1.5 notas adicionales<\/h4><ul><li>Ni esta web ni sus representantes legales se hacen responsables del contenido ni de la veracidad de las pol\u00edticas de privacidad que puedan tener los terceros mencionados en esta pol\u00edtica de cookies (como Google o Facebook).<\/li><li>Los navegadores web son las herramientas encargadas de almacenar las cookies y desde este lugar debe efectuar su derecho a la eliminaci\u00f3n o desactivaci\u00f3n de las mismas.<\/li><\/ul>\t\t\t\t\t\t\t\t<\/div>\n\t\t\t\t\t<\/div>\n\t\t\t\t<\/div>\n\t\t\t\t<\/div>\n\t\t","protected":false},"excerpt":{"rendered":"<p>POL\u00cdTICA DE COOKIES 1.2. \u00bfQue son Cookies? Una cookie es un peque\u00f1o fichero de texto que se almacena en su [&hellip;]<\/p>\n","protected":false},"author":1,"featured_media":0,"parent":0,"menu_order":0,"comment_status":"closed","ping_status":"closed","template":"","meta":{"site-sidebar-layout":"no-sidebar","site-content-layout":"","ast-site-content-layout":"full-width-container","site-content-style":"default","site-sidebar-style":"default","ast-global-header-display":"","ast-banner-title-visibility":"","ast-main-header-display":"","ast-hfb-above-header-display":"","ast-hfb-below-header-display":"","ast-hfb-mobile-header-display":"","site-post-title":"disabled","ast-breadcrumbs-content":"","ast-featured-img":"disabled","footer-sml-layout":"","ast-disable-related-posts":"","theme-transparent-header-meta":"default","adv-header-id-meta":"","stick-header-meta":"","header-above-stick-meta":"","header-main-stick-meta":"","header-below-stick-meta":"","astra-migrate-meta-layouts":"set","ast-page-background-enabled":"default","ast-page-background-meta":{"desktop":{"background-color":"var(--ast-global-color-5)","background-image":"","background-repeat":"repeat","background-position":"center center","background-size":"auto","background-attachment":"scroll","background-type":"","background-media":"","overlay-type":"","overlay-color":"","overlay-opacity":"","overlay-gradient":""},"tablet":{"background-color":"","background-image":"","background-repeat":"repeat","background-position":"center center","background-size":"auto","background-attachment":"scroll","background-type":"","background-media":"","overlay-type":"","overlay-color":"","overlay-opacity":"","overlay-gradient":""},"mobile":{"background-color":"","background-image":"","background-repeat":"repeat","background-position":"center center","background-size":"auto","background-attachment":"scroll","background-type":"","background-media":"","overlay-type":"","overlay-color":"","overlay-opacity":"","overlay-gradient":""}},"ast-content-background-meta":{"desktop":{"background-color":"var(--ast-global-color-4)","background-image":"","background-repeat":"repeat","background-position":"center center","background-size":"auto","background-attachment":"scroll","background-type":"","background-media":"","overlay-type":"","overlay-color":"","overlay-opacity":"","overlay-gradient":""},"tablet":{"background-color":"var(--ast-global-color-4)","background-image":"","background-repeat":"repeat","background-position":"center center","background-size":"auto","background-attachment":"scroll","background-type":"","background-media":"","overlay-type":"","overlay-color":"","overlay-opacity":"","overlay-gradient":""},"mobile":{"background-color":"var(--ast-global-color-4)","background-image":"","background-repeat":"repeat","background-position":"center center","background-size":"auto","background-attachment":"scroll","background-type":"","background-media":"","overlay-type":"","overlay-color":"","overlay-opacity":"","overlay-gradient":""}},"footnotes":""},"class_list":["post-639","page","type-page","status-publish","hentry"],"_links":{"self":[{"href":"https:\/\/protectoramodepran.com\/index.php\/wp-json\/wp\/v2\/pages\/639","targetHints":{"allow":["GET"]}}],"collection":[{"href":"https:\/\/protectoramodepran.com\/index.php\/wp-json\/wp\/v2\/pages"}],"about":[{"href":"https:\/\/protectoramodepran.com\/index.php\/wp-json\/wp\/v2\/types\/page"}],"author":[{"embeddable":true,"href":"https:\/\/protectoramodepran.com\/index.php\/wp-json\/wp\/v2\/users\/1"}],"replies":[{"embeddable":true,"href":"https:\/\/protectoramodepran.com\/index.php\/wp-json\/wp\/v2\/comments?post=639"}],"version-history":[{"count":4,"href":"https:\/\/protectoramodepran.com\/index.php\/wp-json\/wp\/v2\/pages\/639\/revisions"}],"predecessor-version":[{"id":1334,"href":"https:\/\/protectoramodepran.com\/index.php\/wp-json\/wp\/v2\/pages\/639\/revisions\/1334"}],"wp:attachment":[{"href":"https:\/\/protectoramodepran.com\/index.php\/wp-json\/wp\/v2\/media?parent=639"}],"curies":[{"name":"wp","href":"https:\/\/api.w.org\/{rel}","templated":true}]}}