{"id":644,"date":"2024-12-09T16:18:22","date_gmt":"2024-12-09T16:18:22","guid":{"rendered":"https:\/\/nueva.protectoramodepran.com\/?page_id=644"},"modified":"2026-04-16T20:35:00","modified_gmt":"2026-04-16T20:35:00","slug":"avisolegal","status":"publish","type":"page","link":"https:\/\/protectoramodepran.com\/index.php\/avisolegal\/","title":{"rendered":"AVISO LEGAL"},"content":{"rendered":"\t\t<div data-elementor-type=\"wp-page\" data-elementor-id=\"644\" class=\"elementor elementor-644\" data-elementor-post-type=\"page\">\n\t\t\t\t<div class=\"elementor-element elementor-element-63b4a163 e-flex e-con-boxed e-con e-parent\" data-id=\"63b4a163\" data-element_type=\"container\" data-e-type=\"container\">\n\t\t\t\t\t<div class=\"e-con-inner\">\n\t\t\t\t<div class=\"elementor-element elementor-element-55192516 elementor-widget elementor-widget-heading\" data-id=\"55192516\" data-element_type=\"widget\" data-e-type=\"widget\" data-widget_type=\"heading.default\">\n\t\t\t\t\t<h2 class=\"elementor-heading-title elementor-size-default\">AVISO LEGAL<\/h2>\t\t\t\t<\/div>\n\t\t\t\t<div class=\"elementor-element elementor-element-48efebe0 elementor-widget elementor-widget-text-editor\" data-id=\"48efebe0\" data-element_type=\"widget\" data-e-type=\"widget\" data-widget_type=\"text-editor.default\">\n\t\t\t\t\t\t\t\t\t<h4>1.1. Datos de identificaci\u00f3n<\/h4><p>En cumplimiento con el deber de informaci\u00f3n recogido en art\u00edculo 10 de la Ley 34\/2002, de 11 de julio, de Servicios de la Sociedad de la Informaci\u00f3n y del Comercio Electr\u00f3nico, a continuaci\u00f3n se reflejan los siguientes datos:<\/p><ul><li><strong>Titular:<\/strong> Modepran (Asociaci\u00f3n para el Movimiento y Desarrollo por la Protecci\u00f3n Animal).<\/li><li><strong>CIF:<\/strong> G98265705.<\/li><li><strong>Domicilio:<\/strong> Calle Camino Nuevo de Paterna, 165, 46035, Valencia.<\/li><li><strong>Tel\u00e9fono:<\/strong> 673 27 47 92.<\/li><li><strong>Correo electr\u00f3nico:<\/strong> info@protectoramodepran.com<\/li><li><strong>Registro:<\/strong> Inscrita en el Registro de Asociaciones de la Comunitat Valenciana.<\/li><\/ul><h4>1.2. Usuarios y Reglas de Uso<\/h4><p>El acceso y\/o uso de este portal de <strong>Modepran<\/strong> atribuye la condici\u00f3n de USUARIO, que acepta las condiciones de uso aqu\u00ed reflejadas. El usuario se compromete a hacer un uso adecuado de los contenidos y servicios (como formularios de adopci\u00f3n o foros de socios) y a no emplearlos para:<\/p><ol><li>Incurrir en actividades il\u00edcitas o contrarias a la buena fe y al orden p\u00fablico.<\/li><li>Difundir contenidos de car\u00e1cter racista, xen\u00f3fobo, pornogr\u00e1fico-ilegal, de apolog\u00eda del terrorismo o atentatorio contra los derechos humanos.<\/li><li>Provocar da\u00f1os en los sistemas f\u00edsicos y l\u00f3gicos de Modepran, de sus proveedores o de terceras personas.<\/li><\/ol><h4>1.3. Propiedad Intelectual<\/h4><p>Modepran es titular de todos los derechos de propiedad intelectual e industrial de su p\u00e1gina web, as\u00ed como de los elementos contenidos en la misma (im\u00e1genes de los animales, v\u00eddeos, logotipos, textos, marcas o combinaciones de colores). Queda <strong>prohibida la reproducci\u00f3n total o parcial<\/strong> de las fotograf\u00edas de los animales en adopci\u00f3n con fines comerciales sin autorizaci\u00f3n expresa. Su uso est\u00e1 permitido exclusivamente para la difusi\u00f3n de la adopci\u00f3n y bienestar animal, citando siempre la fuente.<\/p><h4>1.4. Exclusi\u00f3n de Garant\u00edas y Responsabilidad<\/h4><p>Modepran no se hace responsable, en ning\u00fan caso, de los da\u00f1os y perjuicios de cualquier naturaleza que pudieran ocasionar, a t\u00edtulo enunciativo: errores u omisiones en los contenidos, falta de disponibilidad del portal o la transmisi\u00f3n de virus o programas maliciosos, a pesar de haber adoptado todas las medidas tecnol\u00f3gicas necesarias para evitarlo.<\/p>\t\t\t\t\t\t\t\t<\/div>\n\t\t\t\t\t<\/div>\n\t\t\t\t<\/div>\n\t\t\t\t<\/div>\n\t\t","protected":false},"excerpt":{"rendered":"<p>AVISO LEGAL 1.1. Datos de identificaci\u00f3n En cumplimiento con el deber de informaci\u00f3n recogido en art\u00edculo 10 de la Ley [&hellip;]<\/p>\n","protected":false},"author":1,"featured_media":0,"parent":0,"menu_order":0,"comment_status":"closed","ping_status":"closed","template":"","meta":{"site-sidebar-layout":"no-sidebar","site-content-layout":"","ast-site-content-layout":"full-width-container","site-content-style":"default","site-sidebar-style":"default","ast-global-header-display":"","ast-banner-title-visibility":"","ast-main-header-display":"","ast-hfb-above-header-display":"","ast-hfb-below-header-display":"","ast-hfb-mobile-header-display":"","site-post-title":"disabled","ast-breadcrumbs-content":"","ast-featured-img":"disabled","footer-sml-layout":"","ast-disable-related-posts":"","theme-transparent-header-meta":"","adv-header-id-meta":"","stick-header-meta":"","header-above-stick-meta":"","header-main-stick-meta":"","header-below-stick-meta":"","astra-migrate-meta-layouts":"default","ast-page-background-enabled":"default","ast-page-background-meta":{"desktop":{"background-color":"var(--ast-global-color-5)","background-image":"","background-repeat":"repeat","background-position":"center center","background-size":"auto","background-attachment":"scroll","background-type":"","background-media":"","overlay-type":"","overlay-color":"","overlay-opacity":"","overlay-gradient":""},"tablet":{"background-color":"","background-image":"","background-repeat":"repeat","background-position":"center center","background-size":"auto","background-attachment":"scroll","background-type":"","background-media":"","overlay-type":"","overlay-color":"","overlay-opacity":"","overlay-gradient":""},"mobile":{"background-color":"","background-image":"","background-repeat":"repeat","background-position":"center center","background-size":"auto","background-attachment":"scroll","background-type":"","background-media":"","overlay-type":"","overlay-color":"","overlay-opacity":"","overlay-gradient":""}},"ast-content-background-meta":{"desktop":{"background-color":"var(--ast-global-color-4)","background-image":"","background-repeat":"repeat","background-position":"center center","background-size":"auto","background-attachment":"scroll","background-type":"","background-media":"","overlay-type":"","overlay-color":"","overlay-opacity":"","overlay-gradient":""},"tablet":{"background-color":"var(--ast-global-color-4)","background-image":"","background-repeat":"repeat","background-position":"center center","background-size":"auto","background-attachment":"scroll","background-type":"","background-media":"","overlay-type":"","overlay-color":"","overlay-opacity":"","overlay-gradient":""},"mobile":{"background-color":"var(--ast-global-color-4)","background-image":"","background-repeat":"repeat","background-position":"center center","background-size":"auto","background-attachment":"scroll","background-type":"","background-media":"","overlay-type":"","overlay-color":"","overlay-opacity":"","overlay-gradient":""}},"footnotes":""},"class_list":["post-644","page","type-page","status-publish","hentry"],"_links":{"self":[{"href":"https:\/\/protectoramodepran.com\/index.php\/wp-json\/wp\/v2\/pages\/644","targetHints":{"allow":["GET"]}}],"collection":[{"href":"https:\/\/protectoramodepran.com\/index.php\/wp-json\/wp\/v2\/pages"}],"about":[{"href":"https:\/\/protectoramodepran.com\/index.php\/wp-json\/wp\/v2\/types\/page"}],"author":[{"embeddable":true,"href":"https:\/\/protectoramodepran.com\/index.php\/wp-json\/wp\/v2\/users\/1"}],"replies":[{"embeddable":true,"href":"https:\/\/protectoramodepran.com\/index.php\/wp-json\/wp\/v2\/comments?post=644"}],"version-history":[{"count":4,"href":"https:\/\/protectoramodepran.com\/index.php\/wp-json\/wp\/v2\/pages\/644\/revisions"}],"predecessor-version":[{"id":1330,"href":"https:\/\/protectoramodepran.com\/index.php\/wp-json\/wp\/v2\/pages\/644\/revisions\/1330"}],"wp:attachment":[{"href":"https:\/\/protectoramodepran.com\/index.php\/wp-json\/wp\/v2\/media?parent=644"}],"curies":[{"name":"wp","href":"https:\/\/api.w.org\/{rel}","templated":true}]}}